{"id":9,"date":"2026-03-27T14:40:34","date_gmt":"2026-03-27T13:40:34","guid":{"rendered":"https:\/\/wp03.cours-copm2061.helha.be\/?page_id=9"},"modified":"2026-03-27T16:23:17","modified_gmt":"2026-03-27T15:23:17","slug":"notre-histoire","status":"publish","type":"page","link":"https:\/\/wp03.cours-copm2061.helha.be\/?page_id=9","title":{"rendered":"L&rsquo;histoire de B&rsquo;N&rsquo;B"},"content":{"rendered":"\n<h3 class=\"wp-block-heading\"><strong><u>De New York \u00e0 Londres<\/u><\/strong><\/h3>\n\n\n\n<p>Bagel &amp; Burger, ou B\u2019N\u2019B pour les intimes, c\u2019est l\u2019histoire de deux voyages qui se sont rencontr\u00e9s.<\/p>\n\n\n\n<p>D\u2019un c\u00f4t\u00e9, El\u00e9ana, conquise par les c\u00e9l\u00e8bres bagels de New York. De l\u2019autre, Oph\u00e9lie, charm\u00e9e par les burgers londoniens.<\/p>\n\n\n\n<p>De cette rencontre est n\u00e9e une id\u00e9e qui deviendra par la suite un merveilleux projet&nbsp;: partager nos voyages \u00e0 travers un food truck.<\/p>\n\n\n\n<h3 class=\"wp-block-heading\"><strong><u>Plus qu\u2019un projet, une philosophie<\/u><\/strong><\/h3>\n\n\n\n<p>Quand nous r\u00eavions de notre food truck, ce n\u2019\u00e9tait pas seulement une question de bagels new-yorkais ou de burgers londoniens.&nbsp;&nbsp;&nbsp;&nbsp;&nbsp;&nbsp;&nbsp;&nbsp;&nbsp;&nbsp;&nbsp;<br>C\u2019\u00e9tait une question de sens.<\/p>\n\n\n\n<p>Apr\u00e8s quelques ann\u00e9es sur les bancs de l\u2019\u00e9cole, nous nous souvenions parfaitement des pauses de midi courtes et sans refuge pour se retrouver autour d\u2019un bon repas \u00e0 petit prix.<\/p>\n\n\n\n<p>Nous voulions apporter un vrai plus au campus. Mais comment allier qualit\u00e9, rapidit\u00e9 et petits prix&nbsp;?&nbsp; Simplement avec des produits locaux et une excellente \u00e9quipe.<\/p>\n\n\n\n<p>Et surtout, on trouvait important de r\u00e9galer tout le monde, quelles que soient les habitudes alimentaires de chacun. Cela a pu voir le jour gr\u00e2ce \u00e0 un menu original, diversifi\u00e9 et de qualit\u00e9.<\/p>\n\n\n\n<p>Et c\u2019est ainsi que notre food-truck a vu le jour le 19 septembre 2025.<\/p>\n\n\n\n<h3 class=\"wp-block-heading\"><strong><u>Le jour o\u00f9 tout a commenc\u00e9<\/u><\/strong><\/h3>\n\n\n\n<p>Alors qu\u2019on participait \u00e0 une semaine d\u00e9di\u00e9e aux Relations Publiques, notre ancienne section, nous avons \u00e9t\u00e9 surprises d\u2019entendre des ventres crier famine.<\/p>\n\n\n\n<p>Sans attendre, nous nous sommes propos\u00e9es pour faire de B\u2019N\u2019B, la nouvelle r\u00e9f\u00e9rence des \u00e9tudiants carolos de la HELHa de Montignies-sur-Sambre en ouvrant sur tous les temps de midi en plus de notre pr\u00e9sence su divers \u00e9v\u00e8nements.<\/p>\n","protected":false},"excerpt":{"rendered":"<p>De New York \u00e0 Londres Bagel &amp; Burger, ou B\u2019N\u2019B pour les intimes, c\u2019est l\u2019histoire de deux voyages qui se sont rencontr\u00e9s. D\u2019un c\u00f4t\u00e9, El\u00e9ana, conquise par les c\u00e9l\u00e8bres bagels de New York. De l\u2019autre, Oph\u00e9lie, charm\u00e9e par les burgers londoniens. De cette rencontre est n\u00e9e une id\u00e9e qui deviendra par la suite un merveilleux [&hellip;]<\/p>\n","protected":false},"author":1,"featured_media":0,"parent":0,"menu_order":0,"comment_status":"closed","ping_status":"closed","template":"","meta":{"footnotes":""},"class_list":["post-9","page","type-page","status-publish","hentry"],"yoast_head":"<!-- This site is optimized with the Yoast SEO plugin v27.2 - https:\/\/yoast.com\/product\/yoast-seo-wordpress\/ -->\n<title>L&#039;histoire de B&#039;N&#039;B - Bagel and Burger<\/title>\n<meta name=\"robots\" content=\"index, follow, max-snippet:-1, max-image-preview:large, max-video-preview:-1\" \/>\n<link rel=\"canonical\" href=\"https:\/\/wp03.cours-copm2061.helha.be\/?page_id=9\" \/>\n<meta property=\"og:locale\" content=\"fr_FR\" \/>\n<meta property=\"og:type\" content=\"article\" \/>\n<meta property=\"og:title\" content=\"L&#039;histoire de B&#039;N&#039;B - Bagel and Burger\" \/>\n<meta property=\"og:description\" content=\"De New York \u00e0 Londres Bagel &amp; Burger, ou B\u2019N\u2019B pour les intimes, c\u2019est l\u2019histoire de deux voyages qui se sont rencontr\u00e9s. D\u2019un c\u00f4t\u00e9, El\u00e9ana, conquise par les c\u00e9l\u00e8bres bagels de New York. De l\u2019autre, Oph\u00e9lie, charm\u00e9e par les burgers londoniens. De cette rencontre est n\u00e9e une id\u00e9e qui deviendra par la suite un merveilleux [&hellip;]\" \/>\n<meta property=\"og:url\" content=\"https:\/\/wp03.cours-copm2061.helha.be\/?page_id=9\" \/>\n<meta property=\"og:site_name\" content=\"Bagel and Burger\" \/>\n<meta property=\"article:modified_time\" content=\"2026-03-27T15:23:17+00:00\" \/>\n<meta name=\"twitter:card\" content=\"summary_large_image\" \/>\n<meta name=\"twitter:label1\" content=\"Dur\u00e9e de lecture estim\u00e9e\" \/>\n\t<meta name=\"twitter:data1\" content=\"2 minutes\" \/>\n<script type=\"application\/ld+json\" class=\"yoast-schema-graph\">{\"@context\":\"https:\/\/schema.org\",\"@graph\":[{\"@type\":\"WebPage\",\"@id\":\"https:\/\/wp03.cours-copm2061.helha.be\/?page_id=9\",\"url\":\"https:\/\/wp03.cours-copm2061.helha.be\/?page_id=9\",\"name\":\"L'histoire de B'N'B - Bagel and Burger\",\"isPartOf\":{\"@id\":\"https:\/\/wp03.cours-copm2061.helha.be\/#website\"},\"datePublished\":\"2026-03-27T13:40:34+00:00\",\"dateModified\":\"2026-03-27T15:23:17+00:00\",\"breadcrumb\":{\"@id\":\"https:\/\/wp03.cours-copm2061.helha.be\/?page_id=9#breadcrumb\"},\"inLanguage\":\"fr-FR\",\"potentialAction\":[{\"@type\":\"ReadAction\",\"target\":[\"https:\/\/wp03.cours-copm2061.helha.be\/?page_id=9\"]}]},{\"@type\":\"BreadcrumbList\",\"@id\":\"https:\/\/wp03.cours-copm2061.helha.be\/?page_id=9#breadcrumb\",\"itemListElement\":[{\"@type\":\"ListItem\",\"position\":1,\"name\":\"Accueil\",\"item\":\"https:\/\/wp03.cours-copm2061.helha.be\/\"},{\"@type\":\"ListItem\",\"position\":2,\"name\":\"L&rsquo;histoire de B&rsquo;N&rsquo;B\"}]},{\"@type\":\"WebSite\",\"@id\":\"https:\/\/wp03.cours-copm2061.helha.be\/#website\",\"url\":\"https:\/\/wp03.cours-copm2061.helha.be\/\",\"name\":\"Bagel and Burger\",\"description\":\"Chez B&#039;N&#039;B, tout en mini!\",\"publisher\":{\"@id\":\"https:\/\/wp03.cours-copm2061.helha.be\/#organization\"},\"potentialAction\":[{\"@type\":\"SearchAction\",\"target\":{\"@type\":\"EntryPoint\",\"urlTemplate\":\"https:\/\/wp03.cours-copm2061.helha.be\/?s={search_term_string}\"},\"query-input\":{\"@type\":\"PropertyValueSpecification\",\"valueRequired\":true,\"valueName\":\"search_term_string\"}}],\"inLanguage\":\"fr-FR\"},{\"@type\":\"Organization\",\"@id\":\"https:\/\/wp03.cours-copm2061.helha.be\/#organization\",\"name\":\"Bagel and Burger\",\"url\":\"https:\/\/wp03.cours-copm2061.helha.be\/\",\"logo\":{\"@type\":\"ImageObject\",\"inLanguage\":\"fr-FR\",\"@id\":\"https:\/\/wp03.cours-copm2061.helha.be\/#\/schema\/logo\/image\/\",\"url\":\"https:\/\/wp03.cours-copm2061.helha.be\/wp-content\/uploads\/2026\/03\/BNB.png\",\"contentUrl\":\"https:\/\/wp03.cours-copm2061.helha.be\/wp-content\/uploads\/2026\/03\/BNB.png\",\"width\":500,\"height\":500,\"caption\":\"Bagel and Burger\"},\"image\":{\"@id\":\"https:\/\/wp03.cours-copm2061.helha.be\/#\/schema\/logo\/image\/\"}}]}<\/script>\n<!-- \/ Yoast SEO plugin. -->","yoast_head_json":{"title":"L'histoire de B'N'B - Bagel and Burger","robots":{"index":"index","follow":"follow","max-snippet":"max-snippet:-1","max-image-preview":"max-image-preview:large","max-video-preview":"max-video-preview:-1"},"canonical":"https:\/\/wp03.cours-copm2061.helha.be\/?page_id=9","og_locale":"fr_FR","og_type":"article","og_title":"L'histoire de B'N'B - Bagel and Burger","og_description":"De New York \u00e0 Londres Bagel &amp; Burger, ou B\u2019N\u2019B pour les intimes, c\u2019est l\u2019histoire de deux voyages qui se sont rencontr\u00e9s. D\u2019un c\u00f4t\u00e9, El\u00e9ana, conquise par les c\u00e9l\u00e8bres bagels de New York. De l\u2019autre, Oph\u00e9lie, charm\u00e9e par les burgers londoniens. De cette rencontre est n\u00e9e une id\u00e9e qui deviendra par la suite un merveilleux [&hellip;]","og_url":"https:\/\/wp03.cours-copm2061.helha.be\/?page_id=9","og_site_name":"Bagel and Burger","article_modified_time":"2026-03-27T15:23:17+00:00","twitter_card":"summary_large_image","twitter_misc":{"Dur\u00e9e de lecture estim\u00e9e":"2 minutes"},"schema":{"@context":"https:\/\/schema.org","@graph":[{"@type":"WebPage","@id":"https:\/\/wp03.cours-copm2061.helha.be\/?page_id=9","url":"https:\/\/wp03.cours-copm2061.helha.be\/?page_id=9","name":"L'histoire de B'N'B - Bagel and Burger","isPartOf":{"@id":"https:\/\/wp03.cours-copm2061.helha.be\/#website"},"datePublished":"2026-03-27T13:40:34+00:00","dateModified":"2026-03-27T15:23:17+00:00","breadcrumb":{"@id":"https:\/\/wp03.cours-copm2061.helha.be\/?page_id=9#breadcrumb"},"inLanguage":"fr-FR","potentialAction":[{"@type":"ReadAction","target":["https:\/\/wp03.cours-copm2061.helha.be\/?page_id=9"]}]},{"@type":"BreadcrumbList","@id":"https:\/\/wp03.cours-copm2061.helha.be\/?page_id=9#breadcrumb","itemListElement":[{"@type":"ListItem","position":1,"name":"Accueil","item":"https:\/\/wp03.cours-copm2061.helha.be\/"},{"@type":"ListItem","position":2,"name":"L&rsquo;histoire de B&rsquo;N&rsquo;B"}]},{"@type":"WebSite","@id":"https:\/\/wp03.cours-copm2061.helha.be\/#website","url":"https:\/\/wp03.cours-copm2061.helha.be\/","name":"Bagel and Burger","description":"Chez B&#039;N&#039;B, tout en mini!","publisher":{"@id":"https:\/\/wp03.cours-copm2061.helha.be\/#organization"},"potentialAction":[{"@type":"SearchAction","target":{"@type":"EntryPoint","urlTemplate":"https:\/\/wp03.cours-copm2061.helha.be\/?s={search_term_string}"},"query-input":{"@type":"PropertyValueSpecification","valueRequired":true,"valueName":"search_term_string"}}],"inLanguage":"fr-FR"},{"@type":"Organization","@id":"https:\/\/wp03.cours-copm2061.helha.be\/#organization","name":"Bagel and Burger","url":"https:\/\/wp03.cours-copm2061.helha.be\/","logo":{"@type":"ImageObject","inLanguage":"fr-FR","@id":"https:\/\/wp03.cours-copm2061.helha.be\/#\/schema\/logo\/image\/","url":"https:\/\/wp03.cours-copm2061.helha.be\/wp-content\/uploads\/2026\/03\/BNB.png","contentUrl":"https:\/\/wp03.cours-copm2061.helha.be\/wp-content\/uploads\/2026\/03\/BNB.png","width":500,"height":500,"caption":"Bagel and Burger"},"image":{"@id":"https:\/\/wp03.cours-copm2061.helha.be\/#\/schema\/logo\/image\/"}}]}},"_links":{"self":[{"href":"https:\/\/wp03.cours-copm2061.helha.be\/index.php?rest_route=\/wp\/v2\/pages\/9","targetHints":{"allow":["GET"]}}],"collection":[{"href":"https:\/\/wp03.cours-copm2061.helha.be\/index.php?rest_route=\/wp\/v2\/pages"}],"about":[{"href":"https:\/\/wp03.cours-copm2061.helha.be\/index.php?rest_route=\/wp\/v2\/types\/page"}],"author":[{"embeddable":true,"href":"https:\/\/wp03.cours-copm2061.helha.be\/index.php?rest_route=\/wp\/v2\/users\/1"}],"replies":[{"embeddable":true,"href":"https:\/\/wp03.cours-copm2061.helha.be\/index.php?rest_route=%2Fwp%2Fv2%2Fcomments&post=9"}],"version-history":[{"count":3,"href":"https:\/\/wp03.cours-copm2061.helha.be\/index.php?rest_route=\/wp\/v2\/pages\/9\/revisions"}],"predecessor-version":[{"id":32,"href":"https:\/\/wp03.cours-copm2061.helha.be\/index.php?rest_route=\/wp\/v2\/pages\/9\/revisions\/32"}],"wp:attachment":[{"href":"https:\/\/wp03.cours-copm2061.helha.be\/index.php?rest_route=%2Fwp%2Fv2%2Fmedia&parent=9"}],"curies":[{"name":"wp","href":"https:\/\/api.w.org\/{rel}","templated":true}]}}