{"id":11,"date":"2026-03-27T14:43:34","date_gmt":"2026-03-27T13:43:34","guid":{"rendered":"https:\/\/wp03.cours-copm2061.helha.be\/?page_id=11"},"modified":"2026-03-27T16:15:44","modified_gmt":"2026-03-27T15:15:44","slug":"notre-menu","status":"publish","type":"page","link":"https:\/\/wp03.cours-copm2061.helha.be\/?page_id=11","title":{"rendered":"Notre menu"},"content":{"rendered":"\n<p>Une  carte de plaisirs gourmands, vari\u00e9s et pens\u00e9s pour tous. <\/p>\n\n\n\n<p class=\"has-contrast-color has-text-color has-link-color wp-elements-16ddb7ad43d15ece4805fb4b454d530d\">La rencontre de deux univers gustatifs pour ajouter une <strong>petite <\/strong>touche de folie \u00e0 votre vie.<\/p>\n\n\n\n<figure class=\"wp-block-image size-large\"><img loading=\"lazy\" decoding=\"async\" width=\"724\" height=\"1024\" src=\"https:\/\/wp03.cours-copm2061.helha.be\/wp-content\/uploads\/2026\/03\/menu-bb-724x1024.png\" alt=\"\" class=\"wp-image-26\" srcset=\"https:\/\/wp03.cours-copm2061.helha.be\/wp-content\/uploads\/2026\/03\/menu-bb-724x1024.png 724w, https:\/\/wp03.cours-copm2061.helha.be\/wp-content\/uploads\/2026\/03\/menu-bb-212x300.png 212w, https:\/\/wp03.cours-copm2061.helha.be\/wp-content\/uploads\/2026\/03\/menu-bb-768x1086.png 768w, https:\/\/wp03.cours-copm2061.helha.be\/wp-content\/uploads\/2026\/03\/menu-bb-1087x1536.png 1087w, https:\/\/wp03.cours-copm2061.helha.be\/wp-content\/uploads\/2026\/03\/menu-bb.png 1415w\" sizes=\"auto, (max-width: 724px) 100vw, 724px\" \/><\/figure>\n","protected":false},"excerpt":{"rendered":"<p>Une carte de plaisirs gourmands, vari\u00e9s et pens\u00e9s pour tous. La rencontre de deux univers gustatifs pour ajouter une petite touche de folie \u00e0 votre vie.<\/p>\n","protected":false},"author":1,"featured_media":0,"parent":0,"menu_order":0,"comment_status":"closed","ping_status":"closed","template":"","meta":{"footnotes":""},"class_list":["post-11","page","type-page","status-publish","hentry"],"yoast_head":"<!-- This site is optimized with the Yoast SEO plugin v27.2 - https:\/\/yoast.com\/product\/yoast-seo-wordpress\/ -->\n<title>Notre menu - Bagel and Burger<\/title>\n<meta name=\"robots\" content=\"index, follow, max-snippet:-1, max-image-preview:large, max-video-preview:-1\" \/>\n<link rel=\"canonical\" href=\"https:\/\/wp03.cours-copm2061.helha.be\/?page_id=11\" \/>\n<meta property=\"og:locale\" content=\"fr_FR\" \/>\n<meta property=\"og:type\" content=\"article\" \/>\n<meta property=\"og:title\" content=\"Notre menu - Bagel and Burger\" \/>\n<meta property=\"og:description\" content=\"Une carte de plaisirs gourmands, vari\u00e9s et pens\u00e9s pour tous. La rencontre de deux univers gustatifs pour ajouter une petite touche de folie \u00e0 votre vie.\" \/>\n<meta property=\"og:url\" content=\"https:\/\/wp03.cours-copm2061.helha.be\/?page_id=11\" \/>\n<meta property=\"og:site_name\" content=\"Bagel and Burger\" \/>\n<meta property=\"article:modified_time\" content=\"2026-03-27T15:15:44+00:00\" \/>\n<meta property=\"og:image\" content=\"https:\/\/wp03.cours-copm2061.helha.be\/wp-content\/uploads\/2026\/03\/menu-bb.png\" \/>\n\t<meta property=\"og:image:width\" content=\"1415\" \/>\n\t<meta property=\"og:image:height\" content=\"2000\" \/>\n\t<meta property=\"og:image:type\" content=\"image\/png\" \/>\n<meta name=\"twitter:card\" content=\"summary_large_image\" \/>\n<meta name=\"twitter:label1\" content=\"Dur\u00e9e de lecture estim\u00e9e\" \/>\n\t<meta name=\"twitter:data1\" content=\"1 minute\" \/>\n<script type=\"application\/ld+json\" class=\"yoast-schema-graph\">{\"@context\":\"https:\/\/schema.org\",\"@graph\":[{\"@type\":\"WebPage\",\"@id\":\"https:\/\/wp03.cours-copm2061.helha.be\/?page_id=11\",\"url\":\"https:\/\/wp03.cours-copm2061.helha.be\/?page_id=11\",\"name\":\"Notre menu - Bagel and Burger\",\"isPartOf\":{\"@id\":\"https:\/\/wp03.cours-copm2061.helha.be\/#website\"},\"primaryImageOfPage\":{\"@id\":\"https:\/\/wp03.cours-copm2061.helha.be\/?page_id=11#primaryimage\"},\"image\":{\"@id\":\"https:\/\/wp03.cours-copm2061.helha.be\/?page_id=11#primaryimage\"},\"thumbnailUrl\":\"https:\/\/wp03.cours-copm2061.helha.be\/wp-content\/uploads\/2026\/03\/menu-bb-724x1024.png\",\"datePublished\":\"2026-03-27T13:43:34+00:00\",\"dateModified\":\"2026-03-27T15:15:44+00:00\",\"breadcrumb\":{\"@id\":\"https:\/\/wp03.cours-copm2061.helha.be\/?page_id=11#breadcrumb\"},\"inLanguage\":\"fr-FR\",\"potentialAction\":[{\"@type\":\"ReadAction\",\"target\":[\"https:\/\/wp03.cours-copm2061.helha.be\/?page_id=11\"]}]},{\"@type\":\"ImageObject\",\"inLanguage\":\"fr-FR\",\"@id\":\"https:\/\/wp03.cours-copm2061.helha.be\/?page_id=11#primaryimage\",\"url\":\"https:\/\/wp03.cours-copm2061.helha.be\/wp-content\/uploads\/2026\/03\/menu-bb.png\",\"contentUrl\":\"https:\/\/wp03.cours-copm2061.helha.be\/wp-content\/uploads\/2026\/03\/menu-bb.png\",\"width\":1415,\"height\":2000},{\"@type\":\"BreadcrumbList\",\"@id\":\"https:\/\/wp03.cours-copm2061.helha.be\/?page_id=11#breadcrumb\",\"itemListElement\":[{\"@type\":\"ListItem\",\"position\":1,\"name\":\"Accueil\",\"item\":\"https:\/\/wp03.cours-copm2061.helha.be\/\"},{\"@type\":\"ListItem\",\"position\":2,\"name\":\"Notre menu\"}]},{\"@type\":\"WebSite\",\"@id\":\"https:\/\/wp03.cours-copm2061.helha.be\/#website\",\"url\":\"https:\/\/wp03.cours-copm2061.helha.be\/\",\"name\":\"Bagel and Burger\",\"description\":\"Chez B&#039;N&#039;B, tout en mini!\",\"publisher\":{\"@id\":\"https:\/\/wp03.cours-copm2061.helha.be\/#organization\"},\"potentialAction\":[{\"@type\":\"SearchAction\",\"target\":{\"@type\":\"EntryPoint\",\"urlTemplate\":\"https:\/\/wp03.cours-copm2061.helha.be\/?s={search_term_string}\"},\"query-input\":{\"@type\":\"PropertyValueSpecification\",\"valueRequired\":true,\"valueName\":\"search_term_string\"}}],\"inLanguage\":\"fr-FR\"},{\"@type\":\"Organization\",\"@id\":\"https:\/\/wp03.cours-copm2061.helha.be\/#organization\",\"name\":\"Bagel and Burger\",\"url\":\"https:\/\/wp03.cours-copm2061.helha.be\/\",\"logo\":{\"@type\":\"ImageObject\",\"inLanguage\":\"fr-FR\",\"@id\":\"https:\/\/wp03.cours-copm2061.helha.be\/#\/schema\/logo\/image\/\",\"url\":\"https:\/\/wp03.cours-copm2061.helha.be\/wp-content\/uploads\/2026\/03\/BNB.png\",\"contentUrl\":\"https:\/\/wp03.cours-copm2061.helha.be\/wp-content\/uploads\/2026\/03\/BNB.png\",\"width\":500,\"height\":500,\"caption\":\"Bagel and Burger\"},\"image\":{\"@id\":\"https:\/\/wp03.cours-copm2061.helha.be\/#\/schema\/logo\/image\/\"}}]}<\/script>\n<!-- \/ Yoast SEO plugin. -->","yoast_head_json":{"title":"Notre menu - Bagel and Burger","robots":{"index":"index","follow":"follow","max-snippet":"max-snippet:-1","max-image-preview":"max-image-preview:large","max-video-preview":"max-video-preview:-1"},"canonical":"https:\/\/wp03.cours-copm2061.helha.be\/?page_id=11","og_locale":"fr_FR","og_type":"article","og_title":"Notre menu - Bagel and Burger","og_description":"Une carte de plaisirs gourmands, vari\u00e9s et pens\u00e9s pour tous. La rencontre de deux univers gustatifs pour ajouter une petite touche de folie \u00e0 votre vie.","og_url":"https:\/\/wp03.cours-copm2061.helha.be\/?page_id=11","og_site_name":"Bagel and Burger","article_modified_time":"2026-03-27T15:15:44+00:00","og_image":[{"width":1415,"height":2000,"url":"https:\/\/wp03.cours-copm2061.helha.be\/wp-content\/uploads\/2026\/03\/menu-bb.png","type":"image\/png"}],"twitter_card":"summary_large_image","twitter_misc":{"Dur\u00e9e de lecture estim\u00e9e":"1 minute"},"schema":{"@context":"https:\/\/schema.org","@graph":[{"@type":"WebPage","@id":"https:\/\/wp03.cours-copm2061.helha.be\/?page_id=11","url":"https:\/\/wp03.cours-copm2061.helha.be\/?page_id=11","name":"Notre menu - Bagel and Burger","isPartOf":{"@id":"https:\/\/wp03.cours-copm2061.helha.be\/#website"},"primaryImageOfPage":{"@id":"https:\/\/wp03.cours-copm2061.helha.be\/?page_id=11#primaryimage"},"image":{"@id":"https:\/\/wp03.cours-copm2061.helha.be\/?page_id=11#primaryimage"},"thumbnailUrl":"https:\/\/wp03.cours-copm2061.helha.be\/wp-content\/uploads\/2026\/03\/menu-bb-724x1024.png","datePublished":"2026-03-27T13:43:34+00:00","dateModified":"2026-03-27T15:15:44+00:00","breadcrumb":{"@id":"https:\/\/wp03.cours-copm2061.helha.be\/?page_id=11#breadcrumb"},"inLanguage":"fr-FR","potentialAction":[{"@type":"ReadAction","target":["https:\/\/wp03.cours-copm2061.helha.be\/?page_id=11"]}]},{"@type":"ImageObject","inLanguage":"fr-FR","@id":"https:\/\/wp03.cours-copm2061.helha.be\/?page_id=11#primaryimage","url":"https:\/\/wp03.cours-copm2061.helha.be\/wp-content\/uploads\/2026\/03\/menu-bb.png","contentUrl":"https:\/\/wp03.cours-copm2061.helha.be\/wp-content\/uploads\/2026\/03\/menu-bb.png","width":1415,"height":2000},{"@type":"BreadcrumbList","@id":"https:\/\/wp03.cours-copm2061.helha.be\/?page_id=11#breadcrumb","itemListElement":[{"@type":"ListItem","position":1,"name":"Accueil","item":"https:\/\/wp03.cours-copm2061.helha.be\/"},{"@type":"ListItem","position":2,"name":"Notre menu"}]},{"@type":"WebSite","@id":"https:\/\/wp03.cours-copm2061.helha.be\/#website","url":"https:\/\/wp03.cours-copm2061.helha.be\/","name":"Bagel and Burger","description":"Chez B&#039;N&#039;B, tout en mini!","publisher":{"@id":"https:\/\/wp03.cours-copm2061.helha.be\/#organization"},"potentialAction":[{"@type":"SearchAction","target":{"@type":"EntryPoint","urlTemplate":"https:\/\/wp03.cours-copm2061.helha.be\/?s={search_term_string}"},"query-input":{"@type":"PropertyValueSpecification","valueRequired":true,"valueName":"search_term_string"}}],"inLanguage":"fr-FR"},{"@type":"Organization","@id":"https:\/\/wp03.cours-copm2061.helha.be\/#organization","name":"Bagel and Burger","url":"https:\/\/wp03.cours-copm2061.helha.be\/","logo":{"@type":"ImageObject","inLanguage":"fr-FR","@id":"https:\/\/wp03.cours-copm2061.helha.be\/#\/schema\/logo\/image\/","url":"https:\/\/wp03.cours-copm2061.helha.be\/wp-content\/uploads\/2026\/03\/BNB.png","contentUrl":"https:\/\/wp03.cours-copm2061.helha.be\/wp-content\/uploads\/2026\/03\/BNB.png","width":500,"height":500,"caption":"Bagel and Burger"},"image":{"@id":"https:\/\/wp03.cours-copm2061.helha.be\/#\/schema\/logo\/image\/"}}]}},"_links":{"self":[{"href":"https:\/\/wp03.cours-copm2061.helha.be\/index.php?rest_route=\/wp\/v2\/pages\/11","targetHints":{"allow":["GET"]}}],"collection":[{"href":"https:\/\/wp03.cours-copm2061.helha.be\/index.php?rest_route=\/wp\/v2\/pages"}],"about":[{"href":"https:\/\/wp03.cours-copm2061.helha.be\/index.php?rest_route=\/wp\/v2\/types\/page"}],"author":[{"embeddable":true,"href":"https:\/\/wp03.cours-copm2061.helha.be\/index.php?rest_route=\/wp\/v2\/users\/1"}],"replies":[{"embeddable":true,"href":"https:\/\/wp03.cours-copm2061.helha.be\/index.php?rest_route=%2Fwp%2Fv2%2Fcomments&post=11"}],"version-history":[{"count":2,"href":"https:\/\/wp03.cours-copm2061.helha.be\/index.php?rest_route=\/wp\/v2\/pages\/11\/revisions"}],"predecessor-version":[{"id":28,"href":"https:\/\/wp03.cours-copm2061.helha.be\/index.php?rest_route=\/wp\/v2\/pages\/11\/revisions\/28"}],"wp:attachment":[{"href":"https:\/\/wp03.cours-copm2061.helha.be\/index.php?rest_route=%2Fwp%2Fv2%2Fmedia&parent=11"}],"curies":[{"name":"wp","href":"https:\/\/api.w.org\/{rel}","templated":true}]}}